{"id":2527,"date":"2025-10-07T11:19:15","date_gmt":"2025-10-07T10:19:15","guid":{"rendered":"https:\/\/yellowgreen-otter-815805.hostingersite.com\/?page_id=2527"},"modified":"2025-10-07T11:38:07","modified_gmt":"2025-10-07T10:38:07","slug":"composition","status":"publish","type":"page","link":"https:\/\/supercomple.com\/en\/composition\/","title":{"rendered":"Composition"},"content":{"rendered":"<div data-elementor-type=\"wp-page\" data-elementor-id=\"2527\" class=\"elementor elementor-2527\" data-elementor-post-type=\"page\">\n\t\t\t\t<div class=\"elementor-element elementor-element-61bfc29 e-flex e-con-boxed e-con e-parent\" data-id=\"61bfc29\" data-element_type=\"container\">\n\t\t\t\t\t<div class=\"e-con-inner\">\n\t\t\t\t<div class=\"elementor-element elementor-element-eaaed50 elementor-widget elementor-widget-heading\" data-id=\"eaaed50\" data-element_type=\"widget\" data-widget_type=\"heading.default\">\n\t\t\t\t<div class=\"elementor-widget-container\">\n\t\t\t\t\t<h2 class=\"elementor-heading-title elementor-size-default\">Product composition<\/h2>\t\t\t\t<\/div>\n\t\t\t\t<\/div>\n\t\t\t\t<div class=\"elementor-element elementor-element-4fe91dd e-n-tabs-mobile elementor-widget elementor-widget-n-tabs\" data-id=\"4fe91dd\" data-element_type=\"widget\" data-settings=\"{&quot;horizontal_scroll&quot;:&quot;disable&quot;}\" data-widget_type=\"nested-tabs.default\">\n\t\t\t\t<div class=\"elementor-widget-container\">\n\t\t\t\t\t\t\t<div class=\"e-n-tabs\" data-widget-number=\"83792349\" aria-label=\"Tabs. Open items with Enter or Space, close with Escape and navigate using the Arrow keys.\">\n\t\t\t<div class=\"e-n-tabs-heading\" role=\"tablist\">\n\t\t\t\t\t<button id=\"e-n-tab-title-837923491\" data-tab-title-id=\"e-n-tab-title-837923491\" class=\"e-n-tab-title\" aria-selected=\"true\" data-tab-index=\"1\" role=\"tab\" tabindex=\"0\" aria-controls=\"e-n-tab-content-837923491\" style=\"--n-tabs-title-order: 1;\">\n\t\t\t\t\t\t<span class=\"e-n-tab-title-text\">\n\t\t\t\tRecommended dosage\t\t\t<\/span>\n\t\t<\/button>\n\t\t\t\t<button id=\"e-n-tab-title-837923492\" data-tab-title-id=\"e-n-tab-title-837923492\" class=\"e-n-tab-title\" aria-selected=\"false\" data-tab-index=\"2\" role=\"tab\" tabindex=\"-1\" aria-controls=\"e-n-tab-content-837923492\" style=\"--n-tabs-title-order: 2;\">\n\t\t\t\t\t\t<span class=\"e-n-tab-title-text\">\n\t\t\t\tContents of 1 bag\t\t\t<\/span>\n\t\t<\/button>\n\t\t\t\t<button id=\"e-n-tab-title-837923493\" data-tab-title-id=\"e-n-tab-title-837923493\" class=\"e-n-tab-title\" aria-selected=\"false\" data-tab-index=\"3\" role=\"tab\" tabindex=\"-1\" aria-controls=\"e-n-tab-content-837923493\" style=\"--n-tabs-title-order: 3;\">\n\t\t\t\t\t\t<span class=\"e-n-tab-title-text\">\n\t\t\t\tWarning\t\t\t<\/span>\n\t\t<\/button>\n\t\t\t\t\t<\/div>\n\t\t\t<div class=\"e-n-tabs-content\">\n\t\t\t\t<div id=\"e-n-tab-content-837923491\" role=\"tabpanel\" aria-labelledby=\"e-n-tab-title-837923491\" data-tab-index=\"1\" style=\"--n-tabs-title-order: 1;\" class=\"e-active elementor-element elementor-element-7c4c738 e-con-full e-flex e-con e-child\" data-id=\"7c4c738\" data-element_type=\"container\">\n\t\t\t\t<div class=\"elementor-element elementor-element-6b6daae elementor-widget elementor-widget-text-editor\" data-id=\"6b6daae\" data-element_type=\"widget\" data-widget_type=\"text-editor.default\">\n\t\t\t\t<div class=\"elementor-widget-container\">\n\t\t\t\t\t\t\t\t\t<h5><span style=\"color: #5d6167; font-size: 15px; font-style: inherit; font-weight: inherit;\">1 packet per day, dissolve in approximately 100 ml of water and drink up, for better absorbability avoid caffeine (coffee, green tea, energy drinks) at least 1 hour before and after use.&nbsp;<\/span><\/h5>\t\t\t\t\t\t\t\t<\/div>\n\t\t\t\t<\/div>\n\t\t\t\t<\/div>\n\t\t<div id=\"e-n-tab-content-837923492\" role=\"tabpanel\" aria-labelledby=\"e-n-tab-title-837923492\" data-tab-index=\"2\" style=\"--n-tabs-title-order: 2;\" class=\"elementor-element elementor-element-436704e e-con-full e-flex e-con e-child\" data-id=\"436704e\" data-element_type=\"container\">\n\t\t\t\t<div class=\"elementor-element elementor-element-78cb030 elementor-widget elementor-widget-text-editor\" data-id=\"78cb030\" data-element_type=\"widget\" data-widget_type=\"text-editor.default\">\n\t\t\t\t<div class=\"elementor-widget-container\">\n\t\t\t\t\t\t\t\t\t<ul><li>Magnesium, Magnesium Bisglycinate \u2013 375 mg (100% NRV*)<\/li><li>Zinc, Zinc Bisglycinate \u2013 20 mg (200% NRV*)<\/li><li>Boron, sodium tetraborate decahydrate \u2013 6.2 mg (NRV* not specified)<\/li><li>Vitamin D3, Cholecalciferol (100,000 IU\/g) - 40 \u03bcg (800% NRV*)<\/li><\/ul><p><strong>Aroma:<\/strong> eucalyptus; sweetener: Stevia sweet (Stevia rebaudiana); acidity regulator: citric acid monohydrate<\/p><p><em>*NRV: Nutrient Reference Value<\/em><\/p>\t\t\t\t\t\t\t\t<\/div>\n\t\t\t\t<\/div>\n\t\t\t\t<\/div>\n\t\t<div id=\"e-n-tab-content-837923493\" role=\"tabpanel\" aria-labelledby=\"e-n-tab-title-837923493\" data-tab-index=\"3\" style=\"--n-tabs-title-order: 3;\" class=\"elementor-element elementor-element-660b30b e-con-full e-flex e-con e-child\" data-id=\"660b30b\" data-element_type=\"container\">\n\t\t\t\t<div class=\"elementor-element elementor-element-843f723 elementor-widget elementor-widget-text-editor\" data-id=\"843f723\" data-element_type=\"widget\" data-widget_type=\"text-editor.default\">\n\t\t\t\t<div class=\"elementor-widget-container\">\n\t\t\t\t\t\t\t\t\t<ul><li>The product is not intended for children and women.<\/li><li>Keep out of reach of children.<\/li><li>Store in a dark place at a temperature not exceeding 25\u00b0C.<\/li><li>Do not exceed the recommended dosage.<\/li><li>The product is not intended to be used as a substitute for a varied and balanced diet and a healthy lifestyle.<\/li><li>If you are taking medication (especially blood thinners, hormones, or corticosteroids), consult your doctor.<\/li><li>Not suitable for people with kidney or liver disease.<\/li><li>If you experience any health problems or side effects, discontinue use and consult your doctor.<\/li><\/ul>\t\t\t\t\t\t\t\t<\/div>\n\t\t\t\t<\/div>\n\t\t\t\t<\/div>\n\t\t\t\t\t<\/div>\n\t\t<\/div>\n\t\t\t\t\t\t<\/div>\n\t\t\t\t<\/div>\n\t\t\t\t\t<\/div>\n\t\t\t\t<\/div>\n\t\t<div class=\"elementor-element elementor-element-912f054 e-con-full e-flex e-con e-parent\" data-id=\"912f054\" data-element_type=\"container\" data-settings=\"{&quot;background_background&quot;:&quot;classic&quot;}\">\n\t\t\t\t<\/div>\n\t\t\t\t<\/div>","protected":false},"excerpt":{"rendered":"<p>Slo\u017een\u00ed produktu Doporu\u010den\u00e9 d\u00e1vkov\u00e1n\u00ed Obsah 1 s\u00e1\u010dku Upozron\u011bn\u00ed 1 s\u00e1\u010dek denn\u011b, rozpus\u0165te v p\u0159ibli\u017en\u011b 100 ml vody a vypijte. Pro lep\u0161\u00ed vst\u0159ebatelnost nekonzumujte n\u00e1poje s obsahem kofeinu (nap\u0159. k\u00e1va, zelen\u00fd \u010daj, energetick\u00e9 n\u00e1poje) alespo\u0148 1 hodinu p\u0159ed a 1 hodinu po po\u017eit\u00ed dopl\u0148ku stravy.&nbsp; Ho\u0159\u010d\u00edk, Bisglycin\u00e1t ho\u0159e\u010dnat\u00fd \u2013 375 mg (100 % RHP*) Zinek, Bisglycin\u00e1t [&hellip;]<\/p>","protected":false},"author":5,"featured_media":0,"parent":0,"menu_order":0,"comment_status":"closed","ping_status":"closed","template":"","meta":{"site-sidebar-layout":"no-sidebar","site-content-layout":"page-builder","ast-site-content-layout":"full-width-container","site-content-style":"default","site-sidebar-style":"default","ast-global-header-display":"","ast-banner-title-visibility":"","ast-main-header-display":"","ast-hfb-above-header-display":"","ast-hfb-below-header-display":"","ast-hfb-mobile-header-display":"","site-post-title":"disabled","ast-breadcrumbs-content":"","ast-featured-img":"disabled","footer-sml-layout":"","ast-disable-related-posts":"","theme-transparent-header-meta":"","adv-header-id-meta":"","stick-header-meta":"","header-above-stick-meta":"","header-main-stick-meta":"","header-below-stick-meta":"","astra-migrate-meta-layouts":"set","ast-page-background-enabled":"default","ast-page-background-meta":{"desktop":{"background-color":"","background-image":"","background-repeat":"repeat","background-position":"center center","background-size":"auto","background-attachment":"scroll","background-type":"","background-media":"","overlay-type":"","overlay-color":"","overlay-opacity":"","overlay-gradient":""},"tablet":{"background-color":"","background-image":"","background-repeat":"repeat","background-position":"center center","background-size":"auto","background-attachment":"scroll","background-type":"","background-media":"","overlay-type":"","overlay-color":"","overlay-opacity":"","overlay-gradient":""},"mobile":{"background-color":"","background-image":"","background-repeat":"repeat","background-position":"center center","background-size":"auto","background-attachment":"scroll","background-type":"","background-media":"","overlay-type":"","overlay-color":"","overlay-opacity":"","overlay-gradient":""}},"ast-content-background-meta":{"desktop":{"background-color":"var(--ast-global-color-5)","background-image":"","background-repeat":"repeat","background-position":"center center","background-size":"auto","background-attachment":"scroll","background-type":"","background-media":"","overlay-type":"","overlay-color":"","overlay-opacity":"","overlay-gradient":""},"tablet":{"background-color":"var(--ast-global-color-5)","background-image":"","background-repeat":"repeat","background-position":"center center","background-size":"auto","background-attachment":"scroll","background-type":"","background-media":"","overlay-type":"","overlay-color":"","overlay-opacity":"","overlay-gradient":""},"mobile":{"background-color":"var(--ast-global-color-5)","background-image":"","background-repeat":"repeat","background-position":"center center","background-size":"auto","background-attachment":"scroll","background-type":"","background-media":"","overlay-type":"","overlay-color":"","overlay-opacity":"","overlay-gradient":""}},"footnotes":""},"class_list":["post-2527","page","type-page","status-publish","hentry"],"yoast_head":"<!-- This site is optimized with the Yoast SEO plugin v26.8 - https:\/\/yoast.com\/product\/yoast-seo-wordpress\/ -->\n<title>Composition - SuperCompl\u00e9<\/title>\n<meta name=\"robots\" content=\"index, follow, max-snippet:-1, max-image-preview:large, max-video-preview:-1\" \/>\n<link rel=\"canonical\" href=\"https:\/\/supercomple.com\/en\/composition\/\" \/>\n<meta property=\"og:locale\" content=\"en_GB\" \/>\n<meta property=\"og:type\" content=\"article\" \/>\n<meta property=\"og:title\" content=\"Composition - SuperCompl\u00e9\" \/>\n<meta property=\"og:description\" content=\"Slo\u017een\u00ed produktu Doporu\u010den\u00e9 d\u00e1vkov\u00e1n\u00ed Obsah 1 s\u00e1\u010dku Upozron\u011bn\u00ed 1 s\u00e1\u010dek denn\u011b, rozpus\u0165te v p\u0159ibli\u017en\u011b 100 ml vody a vypijte. Pro lep\u0161\u00ed vst\u0159ebatelnost nekonzumujte n\u00e1poje s obsahem kofeinu (nap\u0159. k\u00e1va, zelen\u00fd \u010daj, energetick\u00e9 n\u00e1poje) alespo\u0148 1 hodinu p\u0159ed a 1 hodinu po po\u017eit\u00ed dopl\u0148ku stravy.&nbsp; Ho\u0159\u010d\u00edk, Bisglycin\u00e1t ho\u0159e\u010dnat\u00fd \u2013 375 mg (100 % RHP*) Zinek, Bisglycin\u00e1t [&hellip;]\" \/>\n<meta property=\"og:url\" content=\"https:\/\/supercomple.com\/en\/composition\/\" \/>\n<meta property=\"og:site_name\" content=\"SuperCompl\u00e9\" \/>\n<meta property=\"article:modified_time\" content=\"2025-10-07T10:38:07+00:00\" \/>\n<meta name=\"twitter:card\" content=\"summary_large_image\" \/>\n<meta name=\"twitter:label1\" content=\"Estimated reading time\" \/>\n\t<meta name=\"twitter:data1\" content=\"2 minutes\" \/>\n<script type=\"application\/ld+json\" class=\"yoast-schema-graph\">{\"@context\":\"https:\/\/schema.org\",\"@graph\":[{\"@type\":\"WebPage\",\"@id\":\"https:\/\/supercomple.com\/composition\/\",\"url\":\"https:\/\/supercomple.com\/composition\/\",\"name\":\"Composition - SuperCompl\u00e9\",\"isPartOf\":{\"@id\":\"https:\/\/supercomple.com\/#website\"},\"datePublished\":\"2025-10-07T10:19:15+00:00\",\"dateModified\":\"2025-10-07T10:38:07+00:00\",\"breadcrumb\":{\"@id\":\"https:\/\/supercomple.com\/composition\/#breadcrumb\"},\"inLanguage\":\"en-GB\",\"potentialAction\":[{\"@type\":\"ReadAction\",\"target\":[\"https:\/\/supercomple.com\/composition\/\"]}]},{\"@type\":\"BreadcrumbList\",\"@id\":\"https:\/\/supercomple.com\/composition\/#breadcrumb\",\"itemListElement\":[{\"@type\":\"ListItem\",\"position\":1,\"name\":\"Dom\u016f\",\"item\":\"https:\/\/supercomple.com\/\"},{\"@type\":\"ListItem\",\"position\":2,\"name\":\"Composition\"}]},{\"@type\":\"WebSite\",\"@id\":\"https:\/\/supercomple.com\/#website\",\"url\":\"https:\/\/supercomple.com\/\",\"name\":\"SuperCompl\u00e9\",\"description\":\"Boost your testosteron\",\"publisher\":{\"@id\":\"https:\/\/supercomple.com\/#organization\"},\"potentialAction\":[{\"@type\":\"SearchAction\",\"target\":{\"@type\":\"EntryPoint\",\"urlTemplate\":\"https:\/\/supercomple.com\/?s={search_term_string}\"},\"query-input\":{\"@type\":\"PropertyValueSpecification\",\"valueRequired\":true,\"valueName\":\"search_term_string\"}}],\"inLanguage\":\"en-GB\"},{\"@type\":\"Organization\",\"@id\":\"https:\/\/supercomple.com\/#organization\",\"name\":\"SuperCompl\u00e9\",\"url\":\"https:\/\/supercomple.com\/\",\"logo\":{\"@type\":\"ImageObject\",\"inLanguage\":\"en-GB\",\"@id\":\"https:\/\/supercomple.com\/#\/schema\/logo\/image\/\",\"url\":\"https:\/\/supercomple.com\/wp-content\/uploads\/2024\/12\/cropped-Logo_symbol-1.png\",\"contentUrl\":\"https:\/\/supercomple.com\/wp-content\/uploads\/2024\/12\/cropped-Logo_symbol-1.png\",\"width\":2087,\"height\":413,\"caption\":\"SuperCompl\u00e9\"},\"image\":{\"@id\":\"https:\/\/supercomple.com\/#\/schema\/logo\/image\/\"}}]}<\/script>\n<!-- \/ Yoast SEO plugin. -->","yoast_head_json":{"title":"Composition - SuperCompl\u00e9","robots":{"index":"index","follow":"follow","max-snippet":"max-snippet:-1","max-image-preview":"max-image-preview:large","max-video-preview":"max-video-preview:-1"},"canonical":"https:\/\/supercomple.com\/en\/composition\/","og_locale":"en_GB","og_type":"article","og_title":"Composition - SuperCompl\u00e9","og_description":"Slo\u017een\u00ed produktu Doporu\u010den\u00e9 d\u00e1vkov\u00e1n\u00ed Obsah 1 s\u00e1\u010dku Upozron\u011bn\u00ed 1 s\u00e1\u010dek denn\u011b, rozpus\u0165te v p\u0159ibli\u017en\u011b 100 ml vody a vypijte. Pro lep\u0161\u00ed vst\u0159ebatelnost nekonzumujte n\u00e1poje s obsahem kofeinu (nap\u0159. k\u00e1va, zelen\u00fd \u010daj, energetick\u00e9 n\u00e1poje) alespo\u0148 1 hodinu p\u0159ed a 1 hodinu po po\u017eit\u00ed dopl\u0148ku stravy.&nbsp; Ho\u0159\u010d\u00edk, Bisglycin\u00e1t ho\u0159e\u010dnat\u00fd \u2013 375 mg (100 % RHP*) Zinek, Bisglycin\u00e1t [&hellip;]","og_url":"https:\/\/supercomple.com\/en\/composition\/","og_site_name":"SuperCompl\u00e9","article_modified_time":"2025-10-07T10:38:07+00:00","twitter_card":"summary_large_image","twitter_misc":{"Estimated reading time":"2 minutes"},"schema":{"@context":"https:\/\/schema.org","@graph":[{"@type":"WebPage","@id":"https:\/\/supercomple.com\/composition\/","url":"https:\/\/supercomple.com\/composition\/","name":"Composition - SuperCompl\u00e9","isPartOf":{"@id":"https:\/\/supercomple.com\/#website"},"datePublished":"2025-10-07T10:19:15+00:00","dateModified":"2025-10-07T10:38:07+00:00","breadcrumb":{"@id":"https:\/\/supercomple.com\/composition\/#breadcrumb"},"inLanguage":"en-GB","potentialAction":[{"@type":"ReadAction","target":["https:\/\/supercomple.com\/composition\/"]}]},{"@type":"BreadcrumbList","@id":"https:\/\/supercomple.com\/composition\/#breadcrumb","itemListElement":[{"@type":"ListItem","position":1,"name":"Dom\u016f","item":"https:\/\/supercomple.com\/"},{"@type":"ListItem","position":2,"name":"Composition"}]},{"@type":"WebSite","@id":"https:\/\/supercomple.com\/#website","url":"https:\/\/supercomple.com\/","name":"SuperCompl\u00e9","description":"Boost your testosteron","publisher":{"@id":"https:\/\/supercomple.com\/#organization"},"potentialAction":[{"@type":"SearchAction","target":{"@type":"EntryPoint","urlTemplate":"https:\/\/supercomple.com\/?s={search_term_string}"},"query-input":{"@type":"PropertyValueSpecification","valueRequired":true,"valueName":"search_term_string"}}],"inLanguage":"en-GB"},{"@type":"Organization","@id":"https:\/\/supercomple.com\/#organization","name":"SuperCompl\u00e9","url":"https:\/\/supercomple.com\/","logo":{"@type":"ImageObject","inLanguage":"en-GB","@id":"https:\/\/supercomple.com\/#\/schema\/logo\/image\/","url":"https:\/\/supercomple.com\/wp-content\/uploads\/2024\/12\/cropped-Logo_symbol-1.png","contentUrl":"https:\/\/supercomple.com\/wp-content\/uploads\/2024\/12\/cropped-Logo_symbol-1.png","width":2087,"height":413,"caption":"SuperCompl\u00e9"},"image":{"@id":"https:\/\/supercomple.com\/#\/schema\/logo\/image\/"}}]}},"_links":{"self":[{"href":"https:\/\/supercomple.com\/en\/wp-json\/wp\/v2\/pages\/2527","targetHints":{"allow":["GET"]}}],"collection":[{"href":"https:\/\/supercomple.com\/en\/wp-json\/wp\/v2\/pages"}],"about":[{"href":"https:\/\/supercomple.com\/en\/wp-json\/wp\/v2\/types\/page"}],"author":[{"embeddable":true,"href":"https:\/\/supercomple.com\/en\/wp-json\/wp\/v2\/users\/5"}],"replies":[{"embeddable":true,"href":"https:\/\/supercomple.com\/en\/wp-json\/wp\/v2\/comments?post=2527"}],"version-history":[{"count":25,"href":"https:\/\/supercomple.com\/en\/wp-json\/wp\/v2\/pages\/2527\/revisions"}],"predecessor-version":[{"id":2553,"href":"https:\/\/supercomple.com\/en\/wp-json\/wp\/v2\/pages\/2527\/revisions\/2553"}],"wp:attachment":[{"href":"https:\/\/supercomple.com\/en\/wp-json\/wp\/v2\/media?parent=2527"}],"curies":[{"name":"wp","href":"https:\/\/api.w.org\/{rel}","templated":true}]}}