{"id":83,"date":"2024-11-25T13:01:35","date_gmt":"2024-11-25T12:01:35","guid":{"rendered":"https:\/\/yellowgreen-otter-815805.hostingersite.com\/produkt\/piorro-quisquam\/"},"modified":"2025-12-01T11:55:21","modified_gmt":"2025-12-01T10:55:21","slug":"comple-t","status":"publish","type":"product","link":"https:\/\/supercomple.com\/en\/product\/comple-t\/","title":{"rendered":"Compl\u00e9-T"},"content":{"rendered":"<p><strong>Optimize your testosterone and show the world who you really are!<\/strong><\/p>\n<p>Testosterone is the engine of male vitality \u2013 it affects strength, muscle growth, libido, energy, and mental resilience. From the age of 30, testosterone levels naturally decline by about 1% per year. Its deficiency can manifest itself in fatigue, weaker regeneration, loss of muscle mass, reduced libido, mood swings, and, among other things, bone thinning.<\/p>\n<p><strong>Compl\u00e9-T<\/strong> is <strong>purely natural complex<\/strong>, which is designed to\u00a0<strong>actually increased testosterone levels in the blood<\/strong>, rather than just inducing a short-term feeling of strength and libido.<\/p>\n<p>Each ingredient has its place in the recipe, and one without the other would not be as effective:<\/p>\n<ul>\n<li><strong>Magnesium bisglycinate<\/strong>\u00a0In a highly absorbable form, it supports regeneration, muscle function, and the nervous system. Quality sleep and rest are essential for testosterone production.<\/li>\n<li><strong>Zinc bisglycinate<\/strong>\u00a0is crucial for testosterone synthesis, normal fertility, immunity, and cell protection.<\/li>\n<li><strong>Boron (sodium tetraborate)<\/strong>\u00a0helps increase free testosterone levels while improving bone density, which is essential for long-term strength and endurance.<\/li>\n<li><strong>Vitamin D3<\/strong>\u00a0contributes to hormonal balance, strengthens immunity, and promotes calcium absorption, thereby strengthening bones and complementing the effects of boron and magnesium.<\/li>\n<\/ul>\n<p>D\u00edky vyv\u00e1\u017een\u00fdm pom\u011br\u016fm a synergii mezi miner\u00e1ly a vitaminy p\u016fsob\u00ed Compl\u00e9-T c\u00edlen\u011b na podporu mu\u017esk\u00e9 hormon\u00e1ln\u00ed rovnov\u00e1hy, fyzick\u00e9 v\u00fdkonnosti a vitality.<\/p>","protected":false},"excerpt":{"rendered":"<h3><\/h3>\n<ul>\n<li>supports the production and increase of free testosterone levels<\/li>\n<li>more energy, strength, and better recovery<\/li>\n<li>higher libido supported by a real hormonal basis, not just a short-term effect<\/li>\n<li>healthy bone density and long-term resilience<\/li>\n<li>purely natural composition without compromise<\/li>\n<\/ul>","protected":false},"featured_media":2481,"comment_status":"closed","ping_status":"closed","template":"","meta":{"site-sidebar-layout":"default","site-content-layout":"default","ast-site-content-layout":"default","site-content-style":"default","site-sidebar-style":"default","ast-global-header-display":"","ast-banner-title-visibility":"","ast-main-header-display":"","ast-hfb-above-header-display":"","ast-hfb-below-header-display":"","ast-hfb-mobile-header-display":"","site-post-title":"","ast-breadcrumbs-content":"","ast-featured-img":"","footer-sml-layout":"","ast-disable-related-posts":"","theme-transparent-header-meta":"default","adv-header-id-meta":"","stick-header-meta":"","header-above-stick-meta":"","header-main-stick-meta":"","header-below-stick-meta":"","astra-migrate-meta-layouts":"set","ast-page-background-enabled":"default","ast-page-background-meta":{"desktop":{"background-color":"","background-image":"","background-repeat":"repeat","background-position":"center center","background-size":"auto","background-attachment":"scroll","background-type":"","background-media":"","overlay-type":"","overlay-color":"","overlay-opacity":"","overlay-gradient":""},"tablet":{"background-color":"","background-image":"","background-repeat":"repeat","background-position":"center center","background-size":"auto","background-attachment":"scroll","background-type":"","background-media":"","overlay-type":"","overlay-color":"","overlay-opacity":"","overlay-gradient":""},"mobile":{"background-color":"","background-image":"","background-repeat":"repeat","background-position":"center center","background-size":"auto","background-attachment":"scroll","background-type":"","background-media":"","overlay-type":"","overlay-color":"","overlay-opacity":"","overlay-gradient":""}},"ast-content-background-meta":{"desktop":{"background-color":"var(--ast-global-color-5)","background-image":"","background-repeat":"repeat","background-position":"center center","background-size":"auto","background-attachment":"scroll","background-type":"","background-media":"","overlay-type":"","overlay-color":"","overlay-opacity":"","overlay-gradient":""},"tablet":{"background-color":"var(--ast-global-color-5)","background-image":"","background-repeat":"repeat","background-position":"center center","background-size":"auto","background-attachment":"scroll","background-type":"","background-media":"","overlay-type":"","overlay-color":"","overlay-opacity":"","overlay-gradient":""},"mobile":{"background-color":"var(--ast-global-color-5)","background-image":"","background-repeat":"repeat","background-position":"center center","background-size":"auto","background-attachment":"scroll","background-type":"","background-media":"","overlay-type":"","overlay-color":"","overlay-opacity":"","overlay-gradient":""}}},"product_brand":[],"product_cat":[15],"product_tag":[],"class_list":{"0":"post-83","1":"product","2":"type-product","3":"status-publish","4":"has-post-thumbnail","6":"product_cat-nezarazene","7":"desktop-align-center","8":"tablet-align-left","9":"mobile-align-left","11":"first","12":"instock","13":"featured","14":"shipping-taxable","15":"purchasable","16":"product-type-variable"},"yoast_head":"<!-- This site is optimized with the Yoast SEO plugin v26.8 - https:\/\/yoast.com\/product\/yoast-seo-wordpress\/ -->\n<title>SuperCompl\u00e9 Compl\u00e9-T - pro optimalizaci tvorby testosteronu<\/title>\n<meta name=\"description\" content=\"Optimalizuj sv\u016fj testosteron a z\u00edskej energii a sebev\u011bdom\u00ed. SuperCompl\u00e9 Compl\u00e9-T je p\u0159\u00edrodn\u00ed dopln\u011bk pro podporu hormon\u00e1ln\u00ed rovnov\u00e1hy a mu\u017esk\u00e9 vitality.\" \/>\n<meta name=\"robots\" content=\"index, follow, max-snippet:-1, max-image-preview:large, max-video-preview:-1\" \/>\n<link rel=\"canonical\" href=\"https:\/\/supercomple.com\/en\/product\/comple-t\/\" \/>\n<meta property=\"og:locale\" content=\"en_GB\" \/>\n<meta property=\"og:type\" content=\"article\" \/>\n<meta property=\"og:title\" content=\"SuperCompl\u00e9 Compl\u00e9-T - pro optimalizaci tvorby testosteronu\" \/>\n<meta property=\"og:description\" content=\"Optimalizuj sv\u016fj testosteron a z\u00edskej energii a sebev\u011bdom\u00ed. SuperCompl\u00e9 Compl\u00e9-T je p\u0159\u00edrodn\u00ed dopln\u011bk pro podporu hormon\u00e1ln\u00ed rovnov\u00e1hy a mu\u017esk\u00e9 vitality.\" \/>\n<meta property=\"og:url\" content=\"https:\/\/supercomple.com\/en\/product\/comple-t\/\" \/>\n<meta property=\"og:site_name\" content=\"SuperCompl\u00e9\" \/>\n<meta property=\"article:modified_time\" content=\"2025-12-01T10:55:21+00:00\" \/>\n<meta property=\"og:image\" content=\"https:\/\/supercomple.com\/wp-content\/uploads\/2024\/11\/produkt-supercomple-1024x1024.png\" \/>\n\t<meta property=\"og:image:width\" content=\"1024\" \/>\n\t<meta property=\"og:image:height\" content=\"1024\" \/>\n\t<meta property=\"og:image:type\" content=\"image\/png\" \/>\n<meta name=\"twitter:card\" content=\"summary_large_image\" \/>\n<meta name=\"twitter:label1\" content=\"Estimated reading time\" \/>\n\t<meta name=\"twitter:data1\" content=\"2 minutes\" \/>\n<script type=\"application\/ld+json\" class=\"yoast-schema-graph\">{\"@context\":\"https:\/\/schema.org\",\"@graph\":[{\"@type\":\"WebPage\",\"@id\":\"https:\/\/supercomple.com\/produkt\/comple-t\/\",\"url\":\"https:\/\/supercomple.com\/produkt\/comple-t\/\",\"name\":\"SuperCompl\u00e9 Compl\u00e9-T - pro optimalizaci tvorby testosteronu\",\"isPartOf\":{\"@id\":\"https:\/\/supercomple.com\/#website\"},\"primaryImageOfPage\":{\"@id\":\"https:\/\/supercomple.com\/produkt\/comple-t\/#primaryimage\"},\"image\":{\"@id\":\"https:\/\/supercomple.com\/produkt\/comple-t\/#primaryimage\"},\"thumbnailUrl\":\"https:\/\/supercomple.com\/wp-content\/uploads\/2024\/11\/produkt-supercomple.png\",\"datePublished\":\"2024-11-25T12:01:35+00:00\",\"dateModified\":\"2025-12-01T10:55:21+00:00\",\"description\":\"Optimalizuj sv\u016fj testosteron a z\u00edskej energii a sebev\u011bdom\u00ed. SuperCompl\u00e9 Compl\u00e9-T je p\u0159\u00edrodn\u00ed dopln\u011bk pro podporu hormon\u00e1ln\u00ed rovnov\u00e1hy a mu\u017esk\u00e9 vitality.\",\"breadcrumb\":{\"@id\":\"https:\/\/supercomple.com\/produkt\/comple-t\/#breadcrumb\"},\"inLanguage\":\"en-GB\",\"potentialAction\":[{\"@type\":\"ReadAction\",\"target\":[\"https:\/\/supercomple.com\/produkt\/comple-t\/\"]}]},{\"@type\":\"ImageObject\",\"inLanguage\":\"en-GB\",\"@id\":\"https:\/\/supercomple.com\/produkt\/comple-t\/#primaryimage\",\"url\":\"https:\/\/supercomple.com\/wp-content\/uploads\/2024\/11\/produkt-supercomple.png\",\"contentUrl\":\"https:\/\/supercomple.com\/wp-content\/uploads\/2024\/11\/produkt-supercomple.png\",\"width\":1500,\"height\":1500},{\"@type\":\"BreadcrumbList\",\"@id\":\"https:\/\/supercomple.com\/produkt\/comple-t\/#breadcrumb\",\"itemListElement\":[{\"@type\":\"ListItem\",\"position\":1,\"name\":\"Dom\u016f\",\"item\":\"https:\/\/supercomple.com\/\"},{\"@type\":\"ListItem\",\"position\":2,\"name\":\"Shop\",\"item\":\"https:\/\/supercomple.com\/shop\/\"},{\"@type\":\"ListItem\",\"position\":3,\"name\":\"Compl\u00e9-T\"}]},{\"@type\":\"WebSite\",\"@id\":\"https:\/\/supercomple.com\/#website\",\"url\":\"https:\/\/supercomple.com\/\",\"name\":\"SuperCompl\u00e9\",\"description\":\"Boost your testosteron\",\"publisher\":{\"@id\":\"https:\/\/supercomple.com\/#organization\"},\"potentialAction\":[{\"@type\":\"SearchAction\",\"target\":{\"@type\":\"EntryPoint\",\"urlTemplate\":\"https:\/\/supercomple.com\/?s={search_term_string}\"},\"query-input\":{\"@type\":\"PropertyValueSpecification\",\"valueRequired\":true,\"valueName\":\"search_term_string\"}}],\"inLanguage\":\"en-GB\"},{\"@type\":\"Organization\",\"@id\":\"https:\/\/supercomple.com\/#organization\",\"name\":\"SuperCompl\u00e9\",\"url\":\"https:\/\/supercomple.com\/\",\"logo\":{\"@type\":\"ImageObject\",\"inLanguage\":\"en-GB\",\"@id\":\"https:\/\/supercomple.com\/#\/schema\/logo\/image\/\",\"url\":\"https:\/\/supercomple.com\/wp-content\/uploads\/2024\/12\/cropped-Logo_symbol-1.png\",\"contentUrl\":\"https:\/\/supercomple.com\/wp-content\/uploads\/2024\/12\/cropped-Logo_symbol-1.png\",\"width\":2087,\"height\":413,\"caption\":\"SuperCompl\u00e9\"},\"image\":{\"@id\":\"https:\/\/supercomple.com\/#\/schema\/logo\/image\/\"}}]}<\/script>\n<!-- \/ Yoast SEO plugin. -->","yoast_head_json":{"title":"SuperCompl\u00e9 Compl\u00e9-T - pro optimalizaci tvorby testosteronu","description":"Optimalizuj sv\u016fj testosteron a z\u00edskej energii a sebev\u011bdom\u00ed. SuperCompl\u00e9 Compl\u00e9-T je p\u0159\u00edrodn\u00ed dopln\u011bk pro podporu hormon\u00e1ln\u00ed rovnov\u00e1hy a mu\u017esk\u00e9 vitality.","robots":{"index":"index","follow":"follow","max-snippet":"max-snippet:-1","max-image-preview":"max-image-preview:large","max-video-preview":"max-video-preview:-1"},"canonical":"https:\/\/supercomple.com\/en\/product\/comple-t\/","og_locale":"en_GB","og_type":"article","og_title":"SuperCompl\u00e9 Compl\u00e9-T - pro optimalizaci tvorby testosteronu","og_description":"Optimalizuj sv\u016fj testosteron a z\u00edskej energii a sebev\u011bdom\u00ed. SuperCompl\u00e9 Compl\u00e9-T je p\u0159\u00edrodn\u00ed dopln\u011bk pro podporu hormon\u00e1ln\u00ed rovnov\u00e1hy a mu\u017esk\u00e9 vitality.","og_url":"https:\/\/supercomple.com\/en\/product\/comple-t\/","og_site_name":"SuperCompl\u00e9","article_modified_time":"2025-12-01T10:55:21+00:00","og_image":[{"width":1024,"height":1024,"url":"https:\/\/supercomple.com\/wp-content\/uploads\/2024\/11\/produkt-supercomple-1024x1024.png","type":"image\/png"}],"twitter_card":"summary_large_image","twitter_misc":{"Estimated reading time":"2 minutes"},"schema":{"@context":"https:\/\/schema.org","@graph":[{"@type":"WebPage","@id":"https:\/\/supercomple.com\/produkt\/comple-t\/","url":"https:\/\/supercomple.com\/produkt\/comple-t\/","name":"SuperCompl\u00e9 Compl\u00e9-T - pro optimalizaci tvorby testosteronu","isPartOf":{"@id":"https:\/\/supercomple.com\/#website"},"primaryImageOfPage":{"@id":"https:\/\/supercomple.com\/produkt\/comple-t\/#primaryimage"},"image":{"@id":"https:\/\/supercomple.com\/produkt\/comple-t\/#primaryimage"},"thumbnailUrl":"https:\/\/supercomple.com\/wp-content\/uploads\/2024\/11\/produkt-supercomple.png","datePublished":"2024-11-25T12:01:35+00:00","dateModified":"2025-12-01T10:55:21+00:00","description":"Optimalizuj sv\u016fj testosteron a z\u00edskej energii a sebev\u011bdom\u00ed. SuperCompl\u00e9 Compl\u00e9-T je p\u0159\u00edrodn\u00ed dopln\u011bk pro podporu hormon\u00e1ln\u00ed rovnov\u00e1hy a mu\u017esk\u00e9 vitality.","breadcrumb":{"@id":"https:\/\/supercomple.com\/produkt\/comple-t\/#breadcrumb"},"inLanguage":"en-GB","potentialAction":[{"@type":"ReadAction","target":["https:\/\/supercomple.com\/produkt\/comple-t\/"]}]},{"@type":"ImageObject","inLanguage":"en-GB","@id":"https:\/\/supercomple.com\/produkt\/comple-t\/#primaryimage","url":"https:\/\/supercomple.com\/wp-content\/uploads\/2024\/11\/produkt-supercomple.png","contentUrl":"https:\/\/supercomple.com\/wp-content\/uploads\/2024\/11\/produkt-supercomple.png","width":1500,"height":1500},{"@type":"BreadcrumbList","@id":"https:\/\/supercomple.com\/produkt\/comple-t\/#breadcrumb","itemListElement":[{"@type":"ListItem","position":1,"name":"Dom\u016f","item":"https:\/\/supercomple.com\/"},{"@type":"ListItem","position":2,"name":"Shop","item":"https:\/\/supercomple.com\/shop\/"},{"@type":"ListItem","position":3,"name":"Compl\u00e9-T"}]},{"@type":"WebSite","@id":"https:\/\/supercomple.com\/#website","url":"https:\/\/supercomple.com\/","name":"SuperCompl\u00e9","description":"Boost your testosteron","publisher":{"@id":"https:\/\/supercomple.com\/#organization"},"potentialAction":[{"@type":"SearchAction","target":{"@type":"EntryPoint","urlTemplate":"https:\/\/supercomple.com\/?s={search_term_string}"},"query-input":{"@type":"PropertyValueSpecification","valueRequired":true,"valueName":"search_term_string"}}],"inLanguage":"en-GB"},{"@type":"Organization","@id":"https:\/\/supercomple.com\/#organization","name":"SuperCompl\u00e9","url":"https:\/\/supercomple.com\/","logo":{"@type":"ImageObject","inLanguage":"en-GB","@id":"https:\/\/supercomple.com\/#\/schema\/logo\/image\/","url":"https:\/\/supercomple.com\/wp-content\/uploads\/2024\/12\/cropped-Logo_symbol-1.png","contentUrl":"https:\/\/supercomple.com\/wp-content\/uploads\/2024\/12\/cropped-Logo_symbol-1.png","width":2087,"height":413,"caption":"SuperCompl\u00e9"},"image":{"@id":"https:\/\/supercomple.com\/#\/schema\/logo\/image\/"}}]}},"_links":{"self":[{"href":"https:\/\/supercomple.com\/en\/wp-json\/wp\/v2\/product\/83","targetHints":{"allow":["GET"]}}],"collection":[{"href":"https:\/\/supercomple.com\/en\/wp-json\/wp\/v2\/product"}],"about":[{"href":"https:\/\/supercomple.com\/en\/wp-json\/wp\/v2\/types\/product"}],"replies":[{"embeddable":true,"href":"https:\/\/supercomple.com\/en\/wp-json\/wp\/v2\/comments?post=83"}],"wp:featuredmedia":[{"embeddable":true,"href":"https:\/\/supercomple.com\/en\/wp-json\/wp\/v2\/media\/2481"}],"wp:attachment":[{"href":"https:\/\/supercomple.com\/en\/wp-json\/wp\/v2\/media?parent=83"}],"wp:term":[{"taxonomy":"product_brand","embeddable":true,"href":"https:\/\/supercomple.com\/en\/wp-json\/wp\/v2\/product_brand?post=83"},{"taxonomy":"product_cat","embeddable":true,"href":"https:\/\/supercomple.com\/en\/wp-json\/wp\/v2\/product_cat?post=83"},{"taxonomy":"product_tag","embeddable":true,"href":"https:\/\/supercomple.com\/en\/wp-json\/wp\/v2\/product_tag?post=83"}],"curies":[{"name":"wp","href":"https:\/\/api.w.org\/{rel}","templated":true}]}}